{"id":118,"date":"2025-08-13T14:57:21","date_gmt":"2025-08-13T12:57:21","guid":{"rendered":"https:\/\/remilebrun.fr\/?page_id=118"},"modified":"2025-08-13T15:07:11","modified_gmt":"2025-08-13T13:07:11","slug":"118-2","status":"publish","type":"page","link":"https:\/\/remilebrun.fr\/","title":{"rendered":"\u00c9lection l\u00e9gislative"},"content":{"rendered":"\n<p>R\u00e9mi Lebrun, candidat pour l&rsquo;\u00e9lection l\u00e9gislative de la 6e circonscription du Val d&rsquo;Oise. Voici ce pourquoi je m&rsquo;engage et vous demande de vous engager.<\/p>\n\n\n\n<figure class=\"wp-block-image size-large\"><img loading=\"lazy\" decoding=\"async\" width=\"760\" height=\"1024\" src=\"https:\/\/remilebrun.fr\/wp-content\/uploads\/2025\/08\/Flyer-RL-R-760x1024.jpg\" alt=\"\" class=\"wp-image-119\" srcset=\"https:\/\/remilebrun.fr\/wp-content\/uploads\/2025\/08\/Flyer-RL-R-760x1024.jpg 760w, https:\/\/remilebrun.fr\/wp-content\/uploads\/2025\/08\/Flyer-RL-R-223x300.jpg 223w, https:\/\/remilebrun.fr\/wp-content\/uploads\/2025\/08\/Flyer-RL-R-768x1034.jpg 768w, https:\/\/remilebrun.fr\/wp-content\/uploads\/2025\/08\/Flyer-RL-R-1140x1536.jpg 1140w, https:\/\/remilebrun.fr\/wp-content\/uploads\/2025\/08\/Flyer-RL-R-1520x2048.jpg 1520w, https:\/\/remilebrun.fr\/wp-content\/uploads\/2025\/08\/Flyer-RL-R-1200x1616.jpg 1200w, https:\/\/remilebrun.fr\/wp-content\/uploads\/2025\/08\/Flyer-RL-R-1980x2667.jpg 1980w, https:\/\/remilebrun.fr\/wp-content\/uploads\/2025\/08\/Flyer-RL-R-scaled.jpg 1901w\" sizes=\"auto, (max-width: 760px) 100vw, 760px\" \/><\/figure>\n\n\n\n<figure class=\"wp-block-image size-large\"><img loading=\"lazy\" decoding=\"async\" width=\"760\" height=\"1024\" src=\"https:\/\/remilebrun.fr\/wp-content\/uploads\/2025\/08\/Flyer-RL-V-760x1024.jpg\" alt=\"\" class=\"wp-image-120\" srcset=\"https:\/\/remilebrun.fr\/wp-content\/uploads\/2025\/08\/Flyer-RL-V-760x1024.jpg 760w, https:\/\/remilebrun.fr\/wp-content\/uploads\/2025\/08\/Flyer-RL-V-223x300.jpg 223w, https:\/\/remilebrun.fr\/wp-content\/uploads\/2025\/08\/Flyer-RL-V-768x1034.jpg 768w, https:\/\/remilebrun.fr\/wp-content\/uploads\/2025\/08\/Flyer-RL-V-1140x1536.jpg 1140w, https:\/\/remilebrun.fr\/wp-content\/uploads\/2025\/08\/Flyer-RL-V-1520x2048.jpg 1520w, https:\/\/remilebrun.fr\/wp-content\/uploads\/2025\/08\/Flyer-RL-V-1200x1616.jpg 1200w, https:\/\/remilebrun.fr\/wp-content\/uploads\/2025\/08\/Flyer-RL-V-1980x2667.jpg 1980w, https:\/\/remilebrun.fr\/wp-content\/uploads\/2025\/08\/Flyer-RL-V-scaled.jpg 1901w\" sizes=\"auto, (max-width: 760px) 100vw, 760px\" \/><\/figure>\n\n\n\n<p><\/p>\n","protected":false},"excerpt":{"rendered":"<p>R\u00e9mi Lebrun, candidat pour l&rsquo;\u00e9lection l\u00e9gislative de la 6e circonscription du Val d&rsquo;Oise. Voici ce pourquoi je m&rsquo;engage et vous demande de vous engager.<\/p>\n","protected":false},"author":1,"featured_media":0,"parent":0,"menu_order":0,"comment_status":"closed","ping_status":"closed","template":"","meta":{"footnotes":""},"class_list":["post-118","page","type-page","status-publish","hentry"],"_links":{"self":[{"href":"https:\/\/remilebrun.fr\/index.php\/wp-json\/wp\/v2\/pages\/118","targetHints":{"allow":["GET"]}}],"collection":[{"href":"https:\/\/remilebrun.fr\/index.php\/wp-json\/wp\/v2\/pages"}],"about":[{"href":"https:\/\/remilebrun.fr\/index.php\/wp-json\/wp\/v2\/types\/page"}],"author":[{"embeddable":true,"href":"https:\/\/remilebrun.fr\/index.php\/wp-json\/wp\/v2\/users\/1"}],"replies":[{"embeddable":true,"href":"https:\/\/remilebrun.fr\/index.php\/wp-json\/wp\/v2\/comments?post=118"}],"version-history":[{"count":4,"href":"https:\/\/remilebrun.fr\/index.php\/wp-json\/wp\/v2\/pages\/118\/revisions"}],"predecessor-version":[{"id":127,"href":"https:\/\/remilebrun.fr\/index.php\/wp-json\/wp\/v2\/pages\/118\/revisions\/127"}],"wp:attachment":[{"href":"https:\/\/remilebrun.fr\/index.php\/wp-json\/wp\/v2\/media?parent=118"}],"curies":[{"name":"wp","href":"https:\/\/api.w.org\/{rel}","templated":true}]}}